{"id":956,"date":"2023-02-17T15:52:13","date_gmt":"2023-02-17T15:52:13","guid":{"rendered":"https:\/\/library.startertemplatecloud.com\/g19\/?page_id=956"},"modified":"2023-08-25T09:06:35","modified_gmt":"2023-08-25T09:06:35","slug":"colegio","status":"publish","type":"page","link":"https:\/\/ampacolegfc.es\/index.php\/colegio\/","title":{"rendered":"El colegio"},"content":{"rendered":"<style>.kb-row-layout-id956_ba7805-e5 > .kt-row-column-wrap{align-content:start;}:where(.kb-row-layout-id956_ba7805-e5 > .kt-row-column-wrap) > .wp-block-kadence-column{justify-content:start;}.kb-row-layout-id956_ba7805-e5 > .kt-row-column-wrap{column-gap:var(--global-kb-gap-md, 2rem);row-gap:var(--global-kb-gap-md, 2rem);max-width:700px;margin-left:auto;margin-right:auto;padding-top:var(--global-kb-spacing-4xl, 8rem);grid-template-columns:minmax(0, 1fr);}.kb-row-layout-id956_ba7805-e5{background-image:url('http:\/\/ampacolegfc.es\/wp-content\/uploads\/2023\/08\/colegio_1.jpg');background-size:cover;background-position:center center;background-attachment:scroll;background-repeat:no-repeat;}.kb-row-layout-id956_ba7805-e5 > .kt-row-layout-overlay{opacity:0.60;background-color:var(--global-palette3, #1A202C);mix-blend-mode:normal;}@media all and (max-width: 1024px){.kb-row-layout-id956_ba7805-e5 > .kt-row-column-wrap{grid-template-columns:minmax(0, 1fr);}}@media all and (max-width: 767px){.kb-row-layout-id956_ba7805-e5 > .kt-row-column-wrap{grid-template-columns:minmax(0, 1fr);}}<\/style><div class=\"kb-row-layout-wrap kb-row-layout-id956_ba7805-e5 alignnone kt-row-has-bg wp-block-kadence-rowlayout\"><div class=\"kt-row-layout-overlay kt-row-overlay-normal\"><\/div><div class=\"kt-row-column-wrap kt-has-1-columns kt-row-layout-equal kt-tab-layout-inherit kt-mobile-layout-row kt-row-valign-top\">\n<style>.kadence-column956_f271d9-2a > .kt-inside-inner-col,.kadence-column956_f271d9-2a > .kt-inside-inner-col:before{border-top-left-radius:0px;border-top-right-radius:0px;border-bottom-right-radius:0px;border-bottom-left-radius:0px;}.kadence-column956_f271d9-2a > .kt-inside-inner-col{column-gap:var(--global-kb-gap-sm, 1rem);}.kadence-column956_f271d9-2a > .kt-inside-inner-col{flex-direction:column;}.kadence-column956_f271d9-2a > .kt-inside-inner-col > .aligncenter{width:100%;}.kadence-column956_f271d9-2a > .kt-inside-inner-col:before{opacity:0.3;}.kadence-column956_f271d9-2a{position:relative;}@media all and (max-width: 1024px){.kadence-column956_f271d9-2a > .kt-inside-inner-col{flex-direction:column;justify-content:center;}}@media all and (max-width: 767px){.kadence-column956_f271d9-2a > .kt-inside-inner-col{flex-direction:column;justify-content:center;}}<\/style>\n<div class=\"wp-block-kadence-column kadence-column956_f271d9-2a\"><div class=\"kt-inside-inner-col\"><style>.wp-block-kadence-advancedheading.kt-adv-heading956_53250e-b6, .wp-block-kadence-advancedheading.kt-adv-heading956_53250e-b6[data-kb-block=\"kb-adv-heading956_53250e-b6\"]{text-align:center;font-style:normal;}.wp-block-kadence-advancedheading.kt-adv-heading956_53250e-b6 mark.kt-highlight, .wp-block-kadence-advancedheading.kt-adv-heading956_53250e-b6[data-kb-block=\"kb-adv-heading956_53250e-b6\"] mark.kt-highlight{font-style:normal;color:#f76a0c;-webkit-box-decoration-break:clone;box-decoration-break:clone;padding-top:0px;padding-right:0px;padding-bottom:0px;padding-left:0px;}.wp-block-kadence-advancedheading.kt-adv-heading956_53250e-b6 img.kb-inline-image, .wp-block-kadence-advancedheading.kt-adv-heading956_53250e-b6[data-kb-block=\"kb-adv-heading956_53250e-b6\"] img.kb-inline-image{width:150px;vertical-align:baseline;}<\/style>\n<h2 class=\"kt-adv-heading956_53250e-b6 wp-block-kadence-advancedheading has-theme-palette-9-color has-text-color\" data-kb-block=\"kb-adv-heading956_53250e-b6\">El Colegio<\/h2>\n\n\n<style>.wp-block-kadence-advancedheading.kt-adv-heading956_38b74e-ff, .wp-block-kadence-advancedheading.kt-adv-heading956_38b74e-ff[data-kb-block=\"kb-adv-heading956_38b74e-ff\"]{text-align:center;font-style:normal;}.wp-block-kadence-advancedheading.kt-adv-heading956_38b74e-ff mark.kt-highlight, .wp-block-kadence-advancedheading.kt-adv-heading956_38b74e-ff[data-kb-block=\"kb-adv-heading956_38b74e-ff\"] mark.kt-highlight{font-style:normal;color:#f76a0c;-webkit-box-decoration-break:clone;box-decoration-break:clone;padding-top:0px;padding-right:0px;padding-bottom:0px;padding-left:0px;}.wp-block-kadence-advancedheading.kt-adv-heading956_38b74e-ff img.kb-inline-image, .wp-block-kadence-advancedheading.kt-adv-heading956_38b74e-ff[data-kb-block=\"kb-adv-heading956_38b74e-ff\"] img.kb-inline-image{width:150px;vertical-align:baseline;}<\/style>\n<p class=\"kt-adv-heading956_38b74e-ff wp-block-kadence-advancedheading has-theme-palette-9-color has-text-color\" data-kb-block=\"kb-adv-heading956_38b74e-ff\"><strong>COLEGIO BILING\u00dcE CEIP GONZALO FERN\u00c1NDEZ DE C\u00d3RDOBA<\/strong> <\/p>\n\n\n<style>.wp-block-kadence-advancedheading.kt-adv-heading956_d69c7d-6e, .wp-block-kadence-advancedheading.kt-adv-heading956_d69c7d-6e[data-kb-block=\"kb-adv-heading956_d69c7d-6e\"]{text-align:center;font-style:normal;}.wp-block-kadence-advancedheading.kt-adv-heading956_d69c7d-6e mark.kt-highlight, .wp-block-kadence-advancedheading.kt-adv-heading956_d69c7d-6e[data-kb-block=\"kb-adv-heading956_d69c7d-6e\"] mark.kt-highlight{font-style:normal;color:#f76a0c;-webkit-box-decoration-break:clone;box-decoration-break:clone;padding-top:0px;padding-right:0px;padding-bottom:0px;padding-left:0px;}.wp-block-kadence-advancedheading.kt-adv-heading956_d69c7d-6e img.kb-inline-image, .wp-block-kadence-advancedheading.kt-adv-heading956_d69c7d-6e[data-kb-block=\"kb-adv-heading956_d69c7d-6e\"] img.kb-inline-image{width:150px;vertical-align:baseline;}<\/style>\n<p class=\"kt-adv-heading956_d69c7d-6e wp-block-kadence-advancedheading has-theme-palette-9-color has-text-color\" data-kb-block=\"kb-adv-heading956_d69c7d-6e\">C\/ ADANERO, 3B &#8211; 28024 MADRID<\/p>\n\n\n<style>.wp-block-kadence-advancedheading.kt-adv-heading956_ed4107-6c, .wp-block-kadence-advancedheading.kt-adv-heading956_ed4107-6c[data-kb-block=\"kb-adv-heading956_ed4107-6c\"]{text-align:center;font-style:normal;}.wp-block-kadence-advancedheading.kt-adv-heading956_ed4107-6c mark.kt-highlight, .wp-block-kadence-advancedheading.kt-adv-heading956_ed4107-6c[data-kb-block=\"kb-adv-heading956_ed4107-6c\"] mark.kt-highlight{font-style:normal;color:#f76a0c;-webkit-box-decoration-break:clone;box-decoration-break:clone;padding-top:0px;padding-right:0px;padding-bottom:0px;padding-left:0px;}.wp-block-kadence-advancedheading.kt-adv-heading956_ed4107-6c img.kb-inline-image, .wp-block-kadence-advancedheading.kt-adv-heading956_ed4107-6c[data-kb-block=\"kb-adv-heading956_ed4107-6c\"] img.kb-inline-image{width:150px;vertical-align:baseline;}<\/style>\n<p class=\"kt-adv-heading956_ed4107-6c wp-block-kadence-advancedheading has-theme-palette-9-color has-text-color\" data-kb-block=\"kb-adv-heading956_ed4107-6c\">TLF.: 91-7113625 \/ 91-7113735<\/p>\n\n\n\n<p>C\/<\/p>\n<\/div><\/div>\n\n<\/div><\/div>\n\n\n<hr class=\"wp-block-separator has-alpha-channel-opacity\"\/>\n\n\n<style>.kadence-column956_319469-c4 > .kt-inside-inner-col,.kadence-column956_319469-c4 > .kt-inside-inner-col:before{border-top-left-radius:0px;border-top-right-radius:0px;border-bottom-right-radius:0px;border-bottom-left-radius:0px;}.kadence-column956_319469-c4 > .kt-inside-inner-col{column-gap:var(--global-kb-gap-sm, 1rem);}.kadence-column956_319469-c4 > .kt-inside-inner-col{flex-direction:column;}.kadence-column956_319469-c4 > .kt-inside-inner-col > .aligncenter{width:100%;}.kadence-column956_319469-c4 > .kt-inside-inner-col:before{opacity:0.3;}.kadence-column956_319469-c4{position:relative;}@media all and (max-width: 1024px){.kadence-column956_319469-c4 > .kt-inside-inner-col{flex-direction:column;justify-content:center;}}@media all and (max-width: 767px){.kadence-column956_319469-c4 > .kt-inside-inner-col{flex-direction:column;justify-content:center;}}<\/style>\n<div class=\"wp-block-kadence-column kadence-column956_319469-c4\"><div class=\"kt-inside-inner-col\">\n<figure class=\"wp-block-embed is-type-video is-provider-youtube wp-block-embed-youtube wp-embed-aspect-16-9 wp-has-aspect-ratio\"><div class=\"wp-block-embed__wrapper\">\n<iframe loading=\"lazy\" title=\"CEIP GONZALO FERN\u00c1NDEZ DE C\u00d3RDOBA\" width=\"720\" height=\"405\" src=\"https:\/\/www.youtube.com\/embed\/HTptrn38xNY?feature=oembed\" frameborder=\"0\" allow=\"accelerometer; autoplay; clipboard-write; encrypted-media; gyroscope; picture-in-picture; web-share\" allowfullscreen><\/iframe>\n<\/div><\/figure>\n<\/div><\/div>\n","protected":false},"excerpt":{"rendered":"<p>El Colegio COLEGIO BILING\u00dcE CEIP GONZALO FERN\u00c1NDEZ DE C\u00d3RDOBA C\/ ADANERO, 3B &#8211; 28024 MADRID TLF.: 91-7113625 \/ 91-7113735 C\/<\/p>\n","protected":false},"author":1,"featured_media":0,"parent":0,"menu_order":0,"comment_status":"closed","ping_status":"closed","template":"","meta":{"_EventAllDay":false,"_EventTimezone":"","_EventStartDate":"","_EventEndDate":"","_EventStartDateUTC":"","_EventEndDateUTC":"","_EventShowMap":false,"_EventShowMapLink":false,"_EventURL":"","_EventCost":"","_EventCostDescription":"","_EventCurrencySymbol":"","_EventCurrencyCode":"","_EventCurrencyPosition":"","_EventDateTimeSeparator":"","_EventTimeRangeSeparator":"","_EventOrganizerID":[],"_EventVenueID":[],"_OrganizerEmail":"","_OrganizerPhone":"","_OrganizerWebsite":"","_VenueAddress":"","_VenueCity":"","_VenueCountry":"","_VenueProvince":"","_VenueState":"","_VenueZip":"","_VenuePhone":"","_VenueURL":"","_VenueStateProvince":"","_VenueLat":"","_VenueLng":"","_VenueShowMap":false,"_VenueShowMapLink":false,"_kadence_starter_templates_imported_post":true,"_kad_post_transparent":"","_kad_post_title":"","_kad_post_layout":"","_kad_post_sidebar_id":"","_kad_post_content_style":"","_kad_post_vertical_padding":"","_kad_post_feature":"","_kad_post_feature_position":"","_kad_post_header":false,"_kad_post_footer":false,"footnotes":""},"class_list":["post-956","page","type-page","status-publish","hentry"],"_links":{"self":[{"href":"https:\/\/ampacolegfc.es\/index.php\/wp-json\/wp\/v2\/pages\/956"}],"collection":[{"href":"https:\/\/ampacolegfc.es\/index.php\/wp-json\/wp\/v2\/pages"}],"about":[{"href":"https:\/\/ampacolegfc.es\/index.php\/wp-json\/wp\/v2\/types\/page"}],"author":[{"embeddable":true,"href":"https:\/\/ampacolegfc.es\/index.php\/wp-json\/wp\/v2\/users\/1"}],"replies":[{"embeddable":true,"href":"https:\/\/ampacolegfc.es\/index.php\/wp-json\/wp\/v2\/comments?post=956"}],"version-history":[{"count":8,"href":"https:\/\/ampacolegfc.es\/index.php\/wp-json\/wp\/v2\/pages\/956\/revisions"}],"predecessor-version":[{"id":1484,"href":"https:\/\/ampacolegfc.es\/index.php\/wp-json\/wp\/v2\/pages\/956\/revisions\/1484"}],"wp:attachment":[{"href":"https:\/\/ampacolegfc.es\/index.php\/wp-json\/wp\/v2\/media?parent=956"}],"curies":[{"name":"wp","href":"https:\/\/api.w.org\/{rel}","templated":true}]}}