{"id":1804,"date":"2024-09-06T11:16:04","date_gmt":"2024-09-06T11:16:04","guid":{"rendered":"https:\/\/ampacolegfc.es\/?page_id=1804"},"modified":"2024-09-06T11:48:31","modified_gmt":"2024-09-06T11:48:31","slug":"hazte-socio-2024","status":"publish","type":"page","link":"https:\/\/ampacolegfc.es\/index.php\/hazte-socio-2024\/","title":{"rendered":"Hazte Socio 2024"},"content":{"rendered":"<style>.wp-block-kadence-spacer.kt-block-spacer-1804_ab599c-d0 .kt-block-spacer{height:132px;}.wp-block-kadence-spacer.kt-block-spacer-1804_ab599c-d0 .kt-divider{border-top-width:1px;height:1px;border-top-color:#eee;width:80%;border-top-style:solid;}<\/style>\n<div class=\"wp-block-kadence-spacer aligncenter kt-block-spacer-1804_ab599c-d0\"><div class=\"kt-block-spacer kt-block-spacer-halign-center\"><hr class=\"kt-divider\"\/><\/div><\/div>\n\n\n<div class=\"wp-block-image\">\n<figure class=\"aligncenter size-full is-resized\"><img loading=\"lazy\" decoding=\"async\" width=\"640\" height=\"427\" src=\"https:\/\/ampacolegfc.es\/wp-content\/uploads\/2023\/09\/foto_ampa_fapa.jpg\" alt=\"\" class=\"wp-image-1549\" style=\"width:274px;height:auto\" srcset=\"https:\/\/ampacolegfc.es\/wp-content\/uploads\/2023\/09\/foto_ampa_fapa.jpg 640w, https:\/\/ampacolegfc.es\/wp-content\/uploads\/2023\/09\/foto_ampa_fapa-300x200.jpg 300w\" sizes=\"(max-width: 640px) 100vw, 640px\" \/><\/figure><\/div>\n\n\n<h4 class=\"wp-block-heading has-text-align-center\">COMO HACERTE SOCIO DEL AMPA<\/h4>\n\n\n\n<p class=\"has-text-align-center\">1 &#8211; <strong>Descarga la app FAPA GDR (si ya la tienes y est\u00e1s registrado, salta al punto 3)<\/strong><\/p>\n\n\n<div class=\"wp-block-image\">\n<figure class=\"aligncenter size-large is-resized\"><img loading=\"lazy\" decoding=\"async\" width=\"1024\" height=\"504\" src=\"https:\/\/ampacolegfc.es\/wp-content\/uploads\/2024\/09\/Captura-de-pantalla-2024-09-06-a-las-11.33.23-1024x504.png\" alt=\"\" class=\"wp-image-1782\" style=\"width:650px;height:auto\" srcset=\"https:\/\/ampacolegfc.es\/wp-content\/uploads\/2024\/09\/Captura-de-pantalla-2024-09-06-a-las-11.33.23-1024x504.png 1024w, https:\/\/ampacolegfc.es\/wp-content\/uploads\/2024\/09\/Captura-de-pantalla-2024-09-06-a-las-11.33.23-300x148.png 300w, https:\/\/ampacolegfc.es\/wp-content\/uploads\/2024\/09\/Captura-de-pantalla-2024-09-06-a-las-11.33.23-768x378.png 768w, https:\/\/ampacolegfc.es\/wp-content\/uploads\/2024\/09\/Captura-de-pantalla-2024-09-06-a-las-11.33.23.png 1032w\" sizes=\"(max-width: 1024px) 100vw, 1024px\" \/><\/figure><\/div>\n\n\n<p class=\"has-text-align-center\"><strong> 2 &#8211; Sigue los pasos del v\u00eddeo o documento tutorial (c\u00f3digo de nuestra asociaci\u00f3n:&nbsp;0039)<\/strong><\/p>\n\n\n\n<div class=\"wp-block-columns is-layout-flex wp-container-core-columns-is-layout-1 wp-block-columns-is-layout-flex\">\n<div class=\"wp-block-column is-layout-flow wp-block-column-is-layout-flow\" style=\"flex-basis:25%\"><\/div>\n\n\n\n<div class=\"wp-block-column is-layout-flow wp-block-column-is-layout-flow\" style=\"flex-basis:50%\">\n<figure class=\"wp-block-video aligncenter\"><video controls src=\"https:\/\/ampacolegfc.es\/wp-content\/uploads\/2024\/09\/Tutorial-solicitud-tarjeta-fapa.mp4\"><\/video><\/figure>\n<\/div>\n\n\n\n<div class=\"wp-block-column is-layout-flow wp-block-column-is-layout-flow\" style=\"flex-basis:25%\"><\/div>\n\n\n\n<div class=\"wp-block-column is-layout-flow wp-block-column-is-layout-flow\"><\/div>\n\n\n\n<div class=\"wp-block-column is-layout-flow wp-block-column-is-layout-flow\"><\/div>\n<\/div>\n\n\n\n<p class=\"has-text-align-center\"><strong>Gu\u00eda para instalar la APP (C\u00f3digo de nuestra Asociaci\u00f3n: 0039)<\/strong><\/p>\n\n\n\n<div data-wp-interactive=\"core\/file\" class=\"wp-block-file\"><object data-wp-bind--hidden=\"!state.hasPdfPreview\"  class=\"wp-block-file__embed\" data=\"https:\/\/ampacolegfc.es\/wp-content\/uploads\/2024\/09\/funcionamiento_APP-1.pdf\" type=\"application\/pdf\" style=\"width:100%;height:320px\" aria-label=\"Incrustado de funcionamiento_APP.\"><\/object><a id=\"wp-block-file--media-8c97af25-b236-44dd-a776-5d85a78b854e\" href=\"https:\/\/ampacolegfc.es\/wp-content\/uploads\/2024\/09\/funcionamiento_APP-1.pdf\">funcionamiento_APP<\/a><a href=\"https:\/\/ampacolegfc.es\/wp-content\/uploads\/2024\/09\/funcionamiento_APP-1.pdf\" class=\"wp-block-file__button wp-element-button\" download aria-describedby=\"wp-block-file--media-8c97af25-b236-44dd-a776-5d85a78b854e\">Descarga<\/a><\/div>\n\n\n<style>.wp-block-kadence-spacer.kt-block-spacer-1804_46aaf4-48 .kt-block-spacer{height:20px;}.wp-block-kadence-spacer.kt-block-spacer-1804_46aaf4-48 .kt-divider{border-top-width:1px;height:1px;border-top-color:#eee;width:80%;border-top-style:solid;}<\/style>\n<div class=\"wp-block-kadence-spacer aligncenter kt-block-spacer-1804_46aaf4-48\"><div class=\"kt-block-spacer kt-block-spacer-halign-center\"><hr class=\"kt-divider\"\/><\/div><\/div>\n\n\n\n<p class=\"has-text-align-center\">3 &#8211; Realiza una transferencia bancaria de&nbsp;<strong>25 euros<\/strong>&nbsp;a la cuenta&nbsp;<\/p>\n\n\n\n<p class=\"has-text-align-center\"><strong>ES10 0073 0100 5705 0608 1530&nbsp;<\/strong><\/p>\n\n\n\n<p class=\"has-text-align-center\">indicando en el asunto \u201c<strong>Socio curso 2024 2025 familia&nbsp;apellidos del alumno<\/strong>\u201d<\/p>\n\n\n\n<p class=\"has-text-align-center\">4 &#8211; Env\u00eda el justificante de pago a <strong><a href=\"mailto:ampacolegfc@gmail.com\" target=\"_blank\" rel=\"noreferrer noopener\">ampacolegfc@gmail.com<\/a><\/strong> (desde el email registrado en la app) con el asunto \u00abSocio curso 2024 2025 familia apellidos del alumno\u00bb<\/p>\n\n\n\n<p class=\"has-text-align-center\"><strong>En 2-5 d\u00edas laborables te confirmaremos por correo si todo est\u00e1 correcto (registro en la app y pago) \u00a0y te asignaremos un nuevo n\u00famero de socio (2024.0039.XXXX), que podr\u00e1s consultar en la app en el apartado \u201cTarjeta\u201d. En este momento ser\u00e1s oficialmente socio del AMPA y podr\u00e1s disfrutar de sus beneficios como descuentos en extraescolares, planes exclusivos que recibir\u00e1s por correo, convenios FAPA<\/strong>\u00a0<a href=\"https:\/\/www.fapaginerdelosrios.org\/servicios\/tarjeta-fapa\/convenios\" target=\"_blank\" rel=\"noreferrer noopener\">https:\/\/www.fapaginerdelosrios.org\/servicios\/tarjeta-fapa\/convenios<\/a>.<\/p>\n","protected":false},"excerpt":{"rendered":"<p>COMO HACERTE SOCIO DEL AMPA 1 &#8211; Descarga la app FAPA GDR (si ya la tienes y est\u00e1s registrado, salta al punto 3) 2 &#8211; Sigue los pasos del v\u00eddeo&#8230;<\/p>\n","protected":false},"author":1,"featured_media":0,"parent":0,"menu_order":0,"comment_status":"closed","ping_status":"closed","template":"","meta":{"_EventAllDay":false,"_EventTimezone":"","_EventStartDate":"","_EventEndDate":"","_EventStartDateUTC":"","_EventEndDateUTC":"","_EventShowMap":false,"_EventShowMapLink":false,"_EventURL":"","_EventCost":"","_EventCostDescription":"","_EventCurrencySymbol":"","_EventCurrencyCode":"","_EventCurrencyPosition":"","_EventDateTimeSeparator":"","_EventTimeRangeSeparator":"","_EventOrganizerID":[],"_EventVenueID":[],"_OrganizerEmail":"","_OrganizerPhone":"","_OrganizerWebsite":"","_VenueAddress":"","_VenueCity":"","_VenueCountry":"","_VenueProvince":"","_VenueState":"","_VenueZip":"","_VenuePhone":"","_VenueURL":"","_VenueStateProvince":"","_VenueLat":"","_VenueLng":"","_VenueShowMap":false,"_VenueShowMapLink":false,"_kadence_starter_templates_imported_post":false,"_kad_post_transparent":"","_kad_post_title":"","_kad_post_layout":"","_kad_post_sidebar_id":"","_kad_post_content_style":"","_kad_post_vertical_padding":"","_kad_post_feature":"","_kad_post_feature_position":"","_kad_post_header":false,"_kad_post_footer":false,"footnotes":""},"class_list":["post-1804","page","type-page","status-publish","hentry"],"_links":{"self":[{"href":"https:\/\/ampacolegfc.es\/index.php\/wp-json\/wp\/v2\/pages\/1804"}],"collection":[{"href":"https:\/\/ampacolegfc.es\/index.php\/wp-json\/wp\/v2\/pages"}],"about":[{"href":"https:\/\/ampacolegfc.es\/index.php\/wp-json\/wp\/v2\/types\/page"}],"author":[{"embeddable":true,"href":"https:\/\/ampacolegfc.es\/index.php\/wp-json\/wp\/v2\/users\/1"}],"replies":[{"embeddable":true,"href":"https:\/\/ampacolegfc.es\/index.php\/wp-json\/wp\/v2\/comments?post=1804"}],"version-history":[{"count":20,"href":"https:\/\/ampacolegfc.es\/index.php\/wp-json\/wp\/v2\/pages\/1804\/revisions"}],"predecessor-version":[{"id":1830,"href":"https:\/\/ampacolegfc.es\/index.php\/wp-json\/wp\/v2\/pages\/1804\/revisions\/1830"}],"wp:attachment":[{"href":"https:\/\/ampacolegfc.es\/index.php\/wp-json\/wp\/v2\/media?parent=1804"}],"curies":[{"name":"wp","href":"https:\/\/api.w.org\/{rel}","templated":true}]}}