{"id":1544,"date":"2023-09-01T08:20:53","date_gmt":"2023-09-01T08:20:53","guid":{"rendered":"https:\/\/ampacolegfc.es\/?page_id=1544"},"modified":"2023-09-01T08:26:13","modified_gmt":"2023-09-01T08:26:13","slug":"tarjeta-fapa","status":"publish","type":"page","link":"https:\/\/ampacolegfc.es\/index.php\/tarjeta-fapa\/","title":{"rendered":"Tarjeta FAPA"},"content":{"rendered":"<style>.wp-block-kadence-spacer.kt-block-spacer-1544_f58493-da .kt-block-spacer{height:142px;}.wp-block-kadence-spacer.kt-block-spacer-1544_f58493-da .kt-divider{border-top-width:1px;height:1px;border-top-color:#eee;width:80%;border-top-style:solid;}<\/style>\n<div class=\"wp-block-kadence-spacer aligncenter kt-block-spacer-1544_f58493-da\"><div class=\"kt-block-spacer kt-block-spacer-halign-center\"><hr class=\"kt-divider\"\/><\/div><\/div>\n\n\n<div class=\"wp-block-image\">\n<figure class=\"aligncenter size-full is-resized\"><img loading=\"lazy\" decoding=\"async\" src=\"https:\/\/ampacolegfc.es\/wp-content\/uploads\/2023\/09\/foto_ampa_fapa-edited.jpg\" alt=\"\" class=\"wp-image-1554\" style=\"width:498px;height:280px\" width=\"498\" height=\"280\" srcset=\"https:\/\/ampacolegfc.es\/wp-content\/uploads\/2023\/09\/foto_ampa_fapa-edited.jpg 640w, https:\/\/ampacolegfc.es\/wp-content\/uploads\/2023\/09\/foto_ampa_fapa-edited-300x169.jpg 300w\" sizes=\"(max-width: 498px) 100vw, 498px\" \/><\/figure><\/div>\n\n<style>.kadence-column1544_3e7e53-60 > .kt-inside-inner-col,.kadence-column1544_3e7e53-60 > .kt-inside-inner-col:before{border-top-left-radius:0px;border-top-right-radius:0px;border-bottom-right-radius:0px;border-bottom-left-radius:0px;}.kadence-column1544_3e7e53-60 > .kt-inside-inner-col{column-gap:var(--global-kb-gap-sm, 1rem);}.kadence-column1544_3e7e53-60 > .kt-inside-inner-col{flex-direction:column;}.kadence-column1544_3e7e53-60 > .kt-inside-inner-col > .aligncenter{width:100%;}.kadence-column1544_3e7e53-60 > .kt-inside-inner-col:before{opacity:0.3;}.kadence-column1544_3e7e53-60{position:relative;}@media all and (max-width: 1024px){.kadence-column1544_3e7e53-60 > .kt-inside-inner-col{flex-direction:column;justify-content:center;}}@media all and (max-width: 767px){.kadence-column1544_3e7e53-60 > .kt-inside-inner-col{flex-direction:column;justify-content:center;}}<\/style>\n<div class=\"wp-block-kadence-column kadence-column1544_3e7e53-60\"><div class=\"kt-inside-inner-col\"><style>.wp-block-kadence-advancedheading.kt-adv-heading1544_2c5ee2-8c, .wp-block-kadence-advancedheading.kt-adv-heading1544_2c5ee2-8c[data-kb-block=\"kb-adv-heading1544_2c5ee2-8c\"]{text-align:center;font-style:normal;}.wp-block-kadence-advancedheading.kt-adv-heading1544_2c5ee2-8c mark.kt-highlight, .wp-block-kadence-advancedheading.kt-adv-heading1544_2c5ee2-8c[data-kb-block=\"kb-adv-heading1544_2c5ee2-8c\"] mark.kt-highlight{font-style:normal;color:#f76a0c;-webkit-box-decoration-break:clone;box-decoration-break:clone;padding-top:0px;padding-right:0px;padding-bottom:0px;padding-left:0px;}.wp-block-kadence-advancedheading.kt-adv-heading1544_2c5ee2-8c img.kb-inline-image, .wp-block-kadence-advancedheading.kt-adv-heading1544_2c5ee2-8c[data-kb-block=\"kb-adv-heading1544_2c5ee2-8c\"] img.kb-inline-image{width:150px;vertical-align:baseline;}<\/style>\n<h2 class=\"kt-adv-heading1544_2c5ee2-8c wp-block-kadence-advancedheading\" data-kb-block=\"kb-adv-heading1544_2c5ee2-8c\">Tarjeta FAPA<\/h2>\n\n\n\n<p class=\"has-text-align-center\">La tarjeta FAPA es una tarjeta gratuita que permite beneficiarse de algunos servicios gratuitos y descuentos especiales en la compra de productos y\/o servicios muy diversos en las empresas y entidades en las que la FAPA tiene convenios firmados. Hay que destacar que esta tarjeta es familiar y los descuentos se aplican a la persona que lleve la tarjeta y a sus acompa\u00f1antes.<\/p>\n\n\n\n<p class=\"has-text-align-center\">Para poder disfrutar de estos descuentos lo que ten\u00e9is que hacer una vez os demos la tarjeta ser\u00e1 registrarla en la web de la FAPA en la siguiente direcci\u00f3n, en caso contrario no estar\u00e1 operativa:<\/p>\n\n\n\n<p class=\"has-text-align-center\"><a href=\"https:\/\/www.fapaginerdelosrios.org\/servicios\/tarjeta-fapa\/registro-tarjeta\">https:\/\/www.fapaginerdelosrios.org\/servicios\/tarjeta-fapa\/registro-tarjeta<\/a><\/p>\n\n\n\n<p class=\"has-text-align-center\">Como podr\u00e1s comprobar algunas empresas en las que nos har\u00e1n descuentos cuando mostremos la tarjeta en el establecimiento son Dideco, varias jugueter\u00edas, descuentos en espect\u00e1culos\u2026 <\/p>\n\n\n\n<p class=\"has-text-align-center\">Pod\u00e9is consultar <strong><a href=\"https:\/\/www.fapaginerdelosrios.org\/servicios\/tarjeta-fapa\/convenios\/6093\/75958\/pager\/539333\/page\/1?pager=539501%2c264875&amp;page=4\">aqu\u00ed<\/a> <\/strong>todos los descuentos.<\/p>\n\n\n\n<p><\/p>\n\n\n\n<p><\/p>\n<\/div><\/div>\n\n\n<div class=\"wp-block-image\">\n<figure class=\"aligncenter size-full is-resized\"><a href=\"https:\/\/www.fapaginerdelosrios.org\/\"><img loading=\"lazy\" decoding=\"async\" src=\"http:\/\/ampacolegfc.es\/wp-content\/uploads\/2023\/09\/FAPAFGR_logo_top.png\" alt=\"\" class=\"wp-image-1545\" style=\"width:720px;height:100px\" width=\"720\" height=\"100\" srcset=\"https:\/\/ampacolegfc.es\/wp-content\/uploads\/2023\/09\/FAPAFGR_logo_top.png 720w, https:\/\/ampacolegfc.es\/wp-content\/uploads\/2023\/09\/FAPAFGR_logo_top-300x42.png 300w\" sizes=\"(max-width: 720px) 100vw, 720px\" \/><\/a><\/figure><\/div>","protected":false},"excerpt":{"rendered":"<p>Tarjeta FAPA La tarjeta FAPA es una tarjeta gratuita que permite beneficiarse de algunos servicios gratuitos y descuentos especiales en la compra de productos y\/o servicios muy diversos en las&#8230;<\/p>\n","protected":false},"author":1,"featured_media":0,"parent":0,"menu_order":0,"comment_status":"closed","ping_status":"closed","template":"","meta":{"_EventAllDay":false,"_EventTimezone":"","_EventStartDate":"","_EventEndDate":"","_EventStartDateUTC":"","_EventEndDateUTC":"","_EventShowMap":false,"_EventShowMapLink":false,"_EventURL":"","_EventCost":"","_EventCostDescription":"","_EventCurrencySymbol":"","_EventCurrencyCode":"","_EventCurrencyPosition":"","_EventDateTimeSeparator":"","_EventTimeRangeSeparator":"","_EventOrganizerID":[],"_EventVenueID":[],"_OrganizerEmail":"","_OrganizerPhone":"","_OrganizerWebsite":"","_VenueAddress":"","_VenueCity":"","_VenueCountry":"","_VenueProvince":"","_VenueState":"","_VenueZip":"","_VenuePhone":"","_VenueURL":"","_VenueStateProvince":"","_VenueLat":"","_VenueLng":"","_VenueShowMap":false,"_VenueShowMapLink":false,"_kadence_starter_templates_imported_post":false,"_kad_post_transparent":"","_kad_post_title":"","_kad_post_layout":"","_kad_post_sidebar_id":"","_kad_post_content_style":"","_kad_post_vertical_padding":"","_kad_post_feature":"","_kad_post_feature_position":"","_kad_post_header":false,"_kad_post_footer":false,"footnotes":""},"class_list":["post-1544","page","type-page","status-publish","hentry"],"_links":{"self":[{"href":"https:\/\/ampacolegfc.es\/index.php\/wp-json\/wp\/v2\/pages\/1544"}],"collection":[{"href":"https:\/\/ampacolegfc.es\/index.php\/wp-json\/wp\/v2\/pages"}],"about":[{"href":"https:\/\/ampacolegfc.es\/index.php\/wp-json\/wp\/v2\/types\/page"}],"author":[{"embeddable":true,"href":"https:\/\/ampacolegfc.es\/index.php\/wp-json\/wp\/v2\/users\/1"}],"replies":[{"embeddable":true,"href":"https:\/\/ampacolegfc.es\/index.php\/wp-json\/wp\/v2\/comments?post=1544"}],"version-history":[{"count":7,"href":"https:\/\/ampacolegfc.es\/index.php\/wp-json\/wp\/v2\/pages\/1544\/revisions"}],"predecessor-version":[{"id":1555,"href":"https:\/\/ampacolegfc.es\/index.php\/wp-json\/wp\/v2\/pages\/1544\/revisions\/1555"}],"wp:attachment":[{"href":"https:\/\/ampacolegfc.es\/index.php\/wp-json\/wp\/v2\/media?parent=1544"}],"curies":[{"name":"wp","href":"https:\/\/api.w.org\/{rel}","templated":true}]}}